{"id":29,"date":"2017-07-01T23:02:49","date_gmt":"2017-07-01T21:02:49","guid":{"rendered":"http:\/\/kaffeebaum.ch.94-231-94-126.preview6.servertown.ch\/?page_id=29"},"modified":"2024-10-21T19:00:48","modified_gmt":"2024-10-21T17:00:48","slug":"gaestezimmer","status":"publish","type":"page","link":"https:\/\/www.kaffeebaum.ch\/en\/gaestezimmer\/","title":{"rendered":"Furnished Apartments\/Guest Rooms"},"content":{"rendered":"<p>In unseren Wohnungen finden Sie alles, was Sie zum Wohnen brauchen. Digital-TV und WLAN sind in allen Wohnungen vorhanden. \u00a0 Die K\u00fcchen sind mit den notwendigen Utensilien wie Kochherd , Backofen, Geschirr, Pfannen, Kapselkaffeemaschinen sowie Wasserkocher ausgestattet. In den meisten K\u00fcchen befinden sich Geschirrsp\u00fcler, in einigen Mikrowellenherde. Waschmaschinen stehen ebenfalls zur Verf\u00fcgung. Die B\u00e4der sind modern ausgestattet und haben eine Dusche oder Dusche\/Badewanne. Zur gemeinsamen Nutzung befindet sich im Geb\u00e4ude an der Neustadt 6 eine grosser, lauschiger Terrassengarten im 1. Stock.<\/p>\n<p>Die Wohnung Rheinhof 9 liegt um die Ecke im Nebenhaus, zu dieser Wohnung geh\u00f6rt ein Gemeinschafts-Gartensitzplatz.<\/p>\n<p>Wir haben Wohnungen f\u00fcr 1-5 Personen. Je nach Bedarf und Verf\u00fcgbarkeit betr\u00e4gt die m\u00f6gliche Mietdauer von einigen Tagen bis unbegrenzt. Es besteht auch die M\u00f6glichkeit, G\u00e4stezimmer ohne K\u00fcchenben\u00fctzung zu mieten, mit eigenem Bad oder Etagenbad. Der Preis ist abh\u00e4ngig von der mietdauer. Gerne machen wir Ihnen ein Angebot.<\/p>\n<p><strong>Wohnungsangebot:<\/strong><\/p>\n<p><strong>Wohnung A:<\/strong><\/p>\n<p>Als 2 1\/2- oder doppelst\u00f6ckige 3 1\/2-Zimmerwohnung mietbare\u00a0 helle Wohnung im 3.\/4. Stock f\u00fcr 1-5 Personen.\u00a0 Separate K\u00fcche, Bad mit Badewanne\/Dusche, Waschmaschine im Gang. Preis ab CHF 1650.- pro Monat, abh\u00e4ngig von der Mietdauer.<\/p>\n<p><strong>Wohnung B<\/strong><\/p>\n<p>2 1\/2-Zimmerwohnung im 1. Stock. Ger\u00e4umiges Schlafzimmer mit Doppelbett und begehbarem Wandschrank. Wohn-\/Esszimmer mit offener K\u00fcche, Esstisch, Sitzecke.\u00a0 Bad mit Dusche. Separater Waschraum mit Waschmaschine. Preis ab CHF 1600.- pro Monat, Preis abh\u00e4ngig von der Mietdauer.<\/p>\n<p><a href=\"http:\/\/kaffeebaum.ch\/studio\/\"><strong>Studio\u00a0\u00a0\u00a0 f\u00fcr Fotos anklicken<\/strong><\/a><\/p>\n<p>Helles Studio mit Doppelbett f\u00fcr 1-2 Personen. Sitzecke. Bad mit Dusche undWaschmaschine. Separate K\u00fcche mit 2-Platten-Herd, Heissluft-Backofen\/Mikrowelle. Geschirrsp\u00fcler. Sch\u00f6ner gedeckter Balkon. Frei ab Januar 2025<\/p>\n<p><a href=\"http:\/\/kaffeebaum.ch\/fotos-wohnung-c\/\"><strong>Wohnung C\u00a0 <\/strong><\/a><\/p>\n<p>1 1\/2-Zimmerwohnung mit ger\u00e4umigem Wohnraum mit grossem Esstisch und Sitzecke mit Sofa\u00a0 und Sessel. Abgetrennter Schlafbereich mit kleinem Doppelbett. Schreibtisch. Bad mit Dusche, Fenster. Im Moment l\u00e4ngerfristig nicht verf\u00fcgbar.<\/p>\n<p><strong>G\u00e4stezimmer:\u00a0 (Im Moment leider nicht buchbar)<\/strong><\/p>\n<p>Doppelzimmer: grosses Zimmer mit Doppelbett, Sitzecke, Schrank, Tisch. Eigenes Bad mit Dusche. TV.<\/p>\n<p>Minisuite: grosses Zimmer mit Doppelbett, grosser Tisch, Sitzecke, TV. Etagenbad.<\/p>\n<p>Einzelzimmer: gem\u00fctliches kleines Zimmer f\u00fcr 1 Person bzw. 2 Kinder.\u00a0 Etagenbad. 3. Stock.<\/p>\n<p>Munotzimmer: sch\u00f6nes Zimmer mit Munotblick unter dem Dach f\u00fcr 1-2 Personen.\u00a0 2 Einzelbetten vorhanden. Kein TV.\u00a0 4. Stock. Etagenbad 3. Stock.<\/p>\n","protected":false},"excerpt":{"rendered":"<p>In unseren Wohnungen finden Sie alles, was Sie zum Wohnen brauchen. Digital-TV und WLAN sind in allen Wohnungen vorhanden. \u00a0 Die K\u00fcchen sind mit den notwendigen Utensilien wie Kochherd , Backofen, Geschirr, Pfannen, Kapselkaffeemaschinen sowie Wasserkocher ausgestattet. In den meisten K\u00fcchen befinden sich Geschirrsp\u00fcler, in einigen Mikrowellenherde. Waschmaschinen stehen ebenfalls zur Verf\u00fcgung. Die B\u00e4der sind &hellip; <\/p>\n<p class=\"link-more\"><a href=\"https:\/\/www.kaffeebaum.ch\/en\/gaestezimmer\/\" class=\"more-link\">Continue reading<span class=\"screen-reader-text\"> &#8220;Furnished Apartments\/Guest Rooms&#8221;<\/span><\/a><\/p>\n","protected":false},"author":1,"featured_media":199,"parent":0,"menu_order":0,"comment_status":"closed","ping_status":"closed","template":"","meta":{"footnotes":""},"class_list":["post-29","page","type-page","status-publish","has-post-thumbnail","hentry"],"translation":{"provider":"WPGlobus","version":"3.0.2","language":"en","enabled_languages":["de","en"],"languages":{"de":{"title":true,"content":true,"excerpt":false},"en":{"title":true,"content":false,"excerpt":false}}},"_links":{"self":[{"href":"https:\/\/www.kaffeebaum.ch\/en\/wp-json\/wp\/v2\/pages\/29","targetHints":{"allow":["GET"]}}],"collection":[{"href":"https:\/\/www.kaffeebaum.ch\/en\/wp-json\/wp\/v2\/pages"}],"about":[{"href":"https:\/\/www.kaffeebaum.ch\/en\/wp-json\/wp\/v2\/types\/page"}],"author":[{"embeddable":true,"href":"https:\/\/www.kaffeebaum.ch\/en\/wp-json\/wp\/v2\/users\/1"}],"replies":[{"embeddable":true,"href":"https:\/\/www.kaffeebaum.ch\/en\/wp-json\/wp\/v2\/comments?post=29"}],"version-history":[{"count":16,"href":"https:\/\/www.kaffeebaum.ch\/en\/wp-json\/wp\/v2\/pages\/29\/revisions"}],"predecessor-version":[{"id":297,"href":"https:\/\/www.kaffeebaum.ch\/en\/wp-json\/wp\/v2\/pages\/29\/revisions\/297"}],"wp:featuredmedia":[{"embeddable":true,"href":"https:\/\/www.kaffeebaum.ch\/en\/wp-json\/wp\/v2\/media\/199"}],"wp:attachment":[{"href":"https:\/\/www.kaffeebaum.ch\/en\/wp-json\/wp\/v2\/media?parent=29"}],"curies":[{"name":"wp","href":"https:\/\/api.w.org\/{rel}","templated":true}]}}